{"id":533,"date":"2024-05-06T18:07:09","date_gmt":"2024-05-06T16:07:09","guid":{"rendered":"https:\/\/a-g-projekt.com\/?post_type=product&#038;p=533"},"modified":"2024-09-16T18:21:48","modified_gmt":"2024-09-16T16:21:48","slug":"travel-compact-gpd100","status":"publish","type":"product","link":"http:\/\/a-g-projekt.com\/en\/product\/travel-compact-gpd100\/","title":{"rendered":"TRAVEL GPD100"},"content":{"rendered":"<p>[et_pb_section fb_built=&#8220;1&#8243; _builder_version=&#8220;4.25.0&#8243; custom_padding=&#8220;0px||||false|false&#8220; global_colors_info=&#8220;{}&#8220;][et_pb_row _builder_version=&#8220;4.16&#8243; background_size=&#8220;initial&#8220; background_position=&#8220;top_left&#8220; background_repeat=&#8220;repeat&#8220; width=&#8220;100%&#8220; custom_padding=&#8220;0px||0px||false|false&#8220; global_colors_info=&#8220;{}&#8220;][et_pb_column type=&#8220;4_4&#8243; _builder_version=&#8220;4.16&#8243; custom_padding=&#8220;|||&#8220; global_colors_info=&#8220;{}&#8220; custom_padding__hover=&#8220;|||&#8220;][et_pb_wc_breadcrumb _builder_version=&#8220;4.16&#8243; global_colors_info=&#8220;{}&#8220;][\/et_pb_wc_breadcrumb][et_pb_wc_cart_notice _builder_version=&#8220;4.25.0&#8243; custom_button=&#8220;on&#8220; button_text_color=&#8220;#FFFFFF&#8220; button_bg_color=&#8220;#E09900&#8243; button_border_width=&#8220;3px&#8220; button_border_color=&#8220;#FFFFFF&#8220; button_border_radius=&#8220;8px&#8220; global_colors_info=&#8220;{}&#8220;][\/et_pb_wc_cart_notice][\/et_pb_column][\/et_pb_row][et_pb_row column_structure=&#8220;1_2,1_2&#8243; _builder_version=&#8220;4.16&#8243; background_size=&#8220;initial&#8220; background_position=&#8220;top_left&#8220; background_repeat=&#8220;repeat&#8220; width=&#8220;100%&#8220; custom_padding=&#8220;0px||||false|false&#8220; global_colors_info=&#8220;{}&#8220;][et_pb_column type=&#8220;1_2&#8243; _builder_version=&#8220;4.16&#8243; custom_padding=&#8220;|||&#8220; global_colors_info=&#8220;{}&#8220; custom_padding__hover=&#8220;|||&#8220;][et_pb_wc_images _builder_version=&#8220;4.25.0&#8243; background_enable_color=&#8220;off&#8220; border_radii_image=&#8220;on|5px|5px|5px|5px&#8220; global_colors_info=&#8220;{}&#8220;][\/et_pb_wc_images][\/et_pb_column][et_pb_column type=&#8220;1_2&#8243; _builder_version=&#8220;4.16&#8243; custom_padding=&#8220;|||&#8220; global_colors_info=&#8220;{}&#8220; custom_padding__hover=&#8220;|||&#8220;][et_pb_wc_title _builder_version=&#8220;4.16&#8243; global_colors_info=&#8220;{}&#8220;][\/et_pb_wc_title][et_pb_wc_rating _builder_version=&#8220;4.16&#8243; global_colors_info=&#8220;{}&#8220;][\/et_pb_wc_rating][et_pb_wc_price _builder_version=&#8220;4.16&#8243; global_colors_info=&#8220;{}&#8220;][\/et_pb_wc_price][et_pb_wc_description _builder_version=&#8220;4.16&#8243; global_colors_info=&#8220;{}&#8220;][\/et_pb_wc_description][et_pb_wc_add_to_cart _builder_version=&#8220;4.25.0&#8243; field_label_font_size=&#8220;21px&#8220; custom_button=&#8220;on&#8220; button_text_color=&#8220;#FFFFFF&#8220; button_bg_color=&#8220;#E09900&#8243; button_border_width=&#8220;0px&#8220; button_border_radius=&#8220;9px&#8220; width=&#8220;100%&#8220; button_text_shadow_style=&#8220;preset1&#8243; global_colors_info=&#8220;{}&#8220;][\/et_pb_wc_add_to_cart][et_pb_wc_meta _builder_version=&#8220;4.16&#8243; global_colors_info=&#8220;{}&#8220;][\/et_pb_wc_meta][\/et_pb_column][\/et_pb_row][\/et_pb_section][et_pb_section fb_built=&#8220;1&#8243; theme_builder_area=&#8220;post_content&#8220; _builder_version=&#8220;4.25.0&#8243; _module_preset=&#8220;default&#8220;][et_pb_row _builder_version=&#8220;4.25.0&#8243; _module_preset=&#8220;default&#8220; theme_builder_area=&#8220;post_content&#8220;][et_pb_column _builder_version=&#8220;4.25.0&#8243; _module_preset=&#8220;default&#8220; type=&#8220;4_4&#8243; theme_builder_area=&#8220;post_content&#8220;][et_pb_wc_tabs _builder_version=&#8220;4.25.0&#8243; _module_preset=&#8220;default&#8220; theme_builder_area=&#8220;post_content&#8220; hover_enabled=&#8220;0&#8243; sticky_enabled=&#8220;0&#8243;][\/et_pb_wc_tabs][\/et_pb_column][\/et_pb_row][et_pb_row _builder_version=&#8220;4.16&#8243; background_size=&#8220;initial&#8220; background_position=&#8220;top_left&#8220; background_repeat=&#8220;repeat&#8220; width=&#8220;100%&#8220; global_colors_info=&#8220;{}&#8220; theme_builder_area=&#8220;post_content&#8220;][et_pb_column type=&#8220;4_4&#8243; _builder_version=&#8220;4.16&#8243; custom_padding=&#8220;|||&#8220; global_colors_info=&#8220;{}&#8220; custom_padding__hover=&#8220;|||&#8220; theme_builder_area=&#8220;post_content&#8220;][et_pb_wc_upsells _builder_version=&#8220;4.16&#8243; global_colors_info=&#8220;{}&#8220; theme_builder_area=&#8220;post_content&#8220;][\/et_pb_wc_upsells][et_pb_wc_related_products _builder_version=&#8220;4.16&#8243; global_colors_info=&#8220;{}&#8220; theme_builder_area=&#8220;post_content&#8220;][\/et_pb_wc_related_products][\/et_pb_column][\/et_pb_row][\/et_pb_section]<\/p>\n","protected":false},"excerpt":{"rendered":"<div class=\"et_pb_toggle_content clearfix\">\n<ol>\n<li>Sedimentfilter entfernt Schwebeteilchen und feine Partikel.<\/li>\n<li>Aktivkohle-Granulat-Filter absorbiert Chlor und organische Verunreinigungen.<\/li>\n<li>Mehrschichtige, halbdurchl\u00e4ssige Membrane. Sie ist das wichtigste Filtermodul : Sie hat so kleine Poren, dass sie praktisch nur Wassermolek\u00fcle durchl\u00e4sst. Nitrate, Bakterien, Keime, Viren, Schwermetalle, Hormone, Pestizide, Herbizide und andere organische Stoffe werden bis zu 99% entfernt.<\/li>\n<\/ol>\n<p>TRAVEL COMPACT GPD100 ist ein 3 Stufiger Trinkwasserfilter, der bei einem Leitungsdruck ab 4 bar weiches und gesundes Trinkwasser herstellt.<\/p>\n<ul>\n<li style=\"list-style-type: none;\">\n<ul>\n<li>Ma\u00dfe der Anlage : 10 x 20 x 30 cm.<\/li>\n<li>Verh\u00e4ltnis Osmosewasser : Abwasser ca. 1:3.<\/li>\n<li>380 Liter Tagesleistung.<\/li>\n<li>Empfohlener Filterwechsel: Vorfilter alle 6 Monate, Membrane alle 36 Monate<\/li>\n<\/ul>\n<\/li>\n<\/ul>\n<\/div>","protected":false},"featured_media":234,"comment_status":"open","ping_status":"closed","template":"","meta":{"_et_pb_use_builder":"on","_et_pb_old_content":"<div class=\"et_pb_toggle_content clearfix\">\r\n\r\n<strong>Unsere TRAVEL COMPACT GPD100 kommt im dem seit Jahren bew\u00e4hrten Aufbau und liefert zuverl\u00e4ssig bestes Trinkwasser.<\/strong>\r\n\r\nSie ist robust, unempfindlich und langlebig.\r\nIdeal f\u00fcr Einzelhaushalte, Feriendomizil und Reisen.\r\n\r\nDie TRAVEL COMPACT GPD100 produziert 380 L reines Trinkwasser t\u00e4glich.\r\nDas 3 stufige Filtersystem beginnt mit den 2 Vorfiltern zur Reinigung des Leitungswasser von \u201cgr\u00f6beren\u201d Teilchen wie z.B. Kalk, Mikro-Kunststoffe, Schmutz und Rost und vor allen Dingen Chlor.\r\nDas vorgereinigte Wasser danach durch die Membrane gedr\u00fcckt und dort von allen weiteren Mikroteilchen befreit, wie Medikamenten R\u00fcckst\u00e4nde, Nitrate, organische Substanzen, Uran, Blei, Bakterien und Viren.\r\n\r\nEs werden bis zu 99% an Fremdstoffen aus dem Leitungswasser entfernt.\r\n\r\n<strong>Vorteile der \u2013 TRAVEL COMPACT GPD100:<\/strong>\r\n<ul>\r\n \t<li>Langj\u00e4hrig bew\u00e4hrtes, hochwertiges Osmose-Filtersystem mit 3-stufiger Filtertechnologie zum anschlie\u00dfen an jeden Standard Wasserhahn zuhause und unterwegs.<\/li>\r\n<\/ul>\r\n<strong>\u00d6kologisch &amp; sparsam:<\/strong>\r\n<ul>\r\n \t<li>Ihr Trinkwasser vor Ort selbst herstellen \u2013 hilft lange Transportwege vermeiden<\/li>\r\n \t<li>Stromlos \u2013 ein normaler Wasserleitungsdruck \u00fcber 4 bar reicht vollkommen aus.<\/li>\r\n<\/ul>\r\n<strong>Gesund &amp; lecker:<\/strong>\r\n<ul>\r\n \t<li>Filtert Schadstoffe wie z.B. Blei, Medikanentenr\u00fcckst\u00e4nde, Uran und Kalk um, um nur einige zu nennen. Bis zu 99,9 % . aus dem Leitungswasser aus.<\/li>\r\n \t<li>Geeignet zur Trinkwasserproduktion wie auch f\u00fcr die Ern\u00e4hrung von Babys und Kleinkindern!<\/li>\r\n<\/ul>\r\n<strong>Sicher &amp; gepr\u00fcft:<\/strong>\r\n<ul>\r\n \t<li>Hochwertige Verarbeitung in allen Details f\u00fcr die technische Sicherheit, Lebensmittel echte Materialien in allen wasserf\u00fchrenden Bauteilen, R\u00fcckschlagventil zur Verhinderung von Abwasser R\u00fcckfluss, drucksichere Spezialschl\u00e4uche.<\/li>\r\n \t<li>DIN 1988 konformer Kaltwasseranschluss.<\/li>\r\n<\/ul>\r\n<strong>Leichte Montage:<\/strong>\r\n<ul>\r\n \t<li>Komplett vormontiertes Filtersystem mit allen Materialien f\u00fcr den Anschluss an Ihren Wasserhahn.<\/li>\r\n \t<li>Umfangreiche Gebrauchsanleitung f\u00fcr leichten Anschliessen<\/li>\r\n<\/ul>\r\n<\/div>","_et_gb_content_width":""},"product_brand":[],"product_cat":[26],"product_tag":[30,33,31,23,21,32],"class_list":{"0":"post-533","1":"product","2":"type-product","3":"status-publish","4":"has-post-thumbnail","6":"product_cat-umkehrosmose-filteranlagen","7":"product_tag-filteranlage","8":"product_tag-gpd50","9":"product_tag-membran","10":"product_tag-osmose","11":"product_tag-osmose-anlagen","12":"product_tag-umkehrosmose","13":"product_shipping_class-paket-mittel","15":"first","16":"instock","17":"taxable","18":"shipping-taxable","19":"purchasable","20":"product-type-simple"},"jetpack_sharing_enabled":true,"_links":{"self":[{"href":"http:\/\/a-g-projekt.com\/en\/wp-json\/wp\/v2\/product\/533"}],"collection":[{"href":"http:\/\/a-g-projekt.com\/en\/wp-json\/wp\/v2\/product"}],"about":[{"href":"http:\/\/a-g-projekt.com\/en\/wp-json\/wp\/v2\/types\/product"}],"replies":[{"embeddable":true,"href":"http:\/\/a-g-projekt.com\/en\/wp-json\/wp\/v2\/comments?post=533"}],"wp:featuredmedia":[{"embeddable":true,"href":"http:\/\/a-g-projekt.com\/en\/wp-json\/wp\/v2\/media\/234"}],"wp:attachment":[{"href":"http:\/\/a-g-projekt.com\/en\/wp-json\/wp\/v2\/media?parent=533"}],"wp:term":[{"taxonomy":"product_brand","embeddable":true,"href":"http:\/\/a-g-projekt.com\/en\/wp-json\/wp\/v2\/product_brand?post=533"},{"taxonomy":"product_cat","embeddable":true,"href":"http:\/\/a-g-projekt.com\/en\/wp-json\/wp\/v2\/product_cat?post=533"},{"taxonomy":"product_tag","embeddable":true,"href":"http:\/\/a-g-projekt.com\/en\/wp-json\/wp\/v2\/product_tag?post=533"}],"curies":[{"name":"wp","href":"https:\/\/api.w.org\/{rel}","templated":true}]}}