{"id":521,"date":"2024-05-06T17:28:06","date_gmt":"2024-05-06T15:28:06","guid":{"rendered":"https:\/\/a-g-projekt.com\/?post_type=product&#038;p=521"},"modified":"2024-06-03T14:00:53","modified_gmt":"2024-06-03T12:00:53","slug":"aqua-genesis-filterset-kopie","status":"publish","type":"product","link":"http:\/\/a-g-projekt.com\/en\/product\/aqua-genesis-filterset-kopie\/","title":{"rendered":"Filterset 1 Jahr"},"content":{"rendered":"<p>[et_pb_section fb_built=&#8220;1&#8243; _builder_version=&#8220;4.16&#8243; custom_padding=&#8220;0px||||false|false&#8220; global_colors_info=&#8220;{}&#8220;][et_pb_row _builder_version=&#8220;4.16&#8243; background_size=&#8220;initial&#8220; background_position=&#8220;top_left&#8220; background_repeat=&#8220;repeat&#8220; width=&#8220;100%&#8220; custom_padding=&#8220;0px||0px||false|false&#8220; global_colors_info=&#8220;{}&#8220;][et_pb_column type=&#8220;4_4&#8243; _builder_version=&#8220;4.16&#8243; custom_padding=&#8220;|||&#8220; global_colors_info=&#8220;{}&#8220; custom_padding__hover=&#8220;|||&#8220;][et_pb_wc_breadcrumb _builder_version=&#8220;4.16&#8243; global_colors_info=&#8220;{}&#8220;][\/et_pb_wc_breadcrumb][et_pb_wc_cart_notice _builder_version=&#8220;4.16&#8243; global_colors_info=&#8220;{}&#8220;][\/et_pb_wc_cart_notice][\/et_pb_column][\/et_pb_row][et_pb_row _builder_version=&#8220;4.16&#8243; background_size=&#8220;initial&#8220; background_position=&#8220;top_left&#8220; background_repeat=&#8220;repeat&#8220; width=&#8220;100%&#8220; custom_padding=&#8220;0px||||false|false&#8220; global_colors_info=&#8220;{}&#8220; column_structure=&#8220;1_2,1_2&#8243;][et_pb_column type=&#8220;1_2&#8243; _builder_version=&#8220;4.16&#8243; custom_padding=&#8220;|||&#8220; global_colors_info=&#8220;{}&#8220; custom_padding__hover=&#8220;|||&#8220;][et_pb_wc_images _builder_version=&#8220;4.16&#8243; global_colors_info=&#8220;{}&#8220;][\/et_pb_wc_images][\/et_pb_column][et_pb_column type=&#8220;1_2&#8243; _builder_version=&#8220;4.16&#8243; custom_padding=&#8220;|||&#8220; global_colors_info=&#8220;{}&#8220; custom_padding__hover=&#8220;|||&#8220;][et_pb_wc_title _builder_version=&#8220;4.16&#8243; global_colors_info=&#8220;{}&#8220;][\/et_pb_wc_title][et_pb_wc_rating _builder_version=&#8220;4.16&#8243; global_colors_info=&#8220;{}&#8220;][\/et_pb_wc_rating][et_pb_wc_price _builder_version=&#8220;4.16&#8243; global_colors_info=&#8220;{}&#8220;][\/et_pb_wc_price][et_pb_wc_description _builder_version=&#8220;4.16&#8243; global_colors_info=&#8220;{}&#8220;][\/et_pb_wc_description][et_pb_wc_add_to_cart _builder_version=&#8220;4.16&#8243; global_colors_info=&#8220;{}&#8220;][\/et_pb_wc_add_to_cart][et_pb_wc_meta _builder_version=&#8220;4.16&#8243; global_colors_info=&#8220;{}&#8220;][\/et_pb_wc_meta][\/et_pb_column][\/et_pb_row][\/et_pb_section]<\/p>\n","protected":false},"excerpt":{"rendered":"<p><strong>Im Lieferumfang enthalten:<\/strong><\/p>\n<ul>\n<li><strong>1. Stufe:<\/strong> <em>Sedimentfilter<\/em> entfernt aus dem Rohwasser Schwebeteilchen und feine Partikel <strong>(2 St\u00fcck)<\/strong><\/li>\n<li><strong>2. Stufe:<\/strong> <em>Aktivkohle Granulat Filter<\/em> absorbiert\u00a0Chlor und organische Verunreinigungen <strong>(2 St\u00fcck)<\/strong><\/li>\n<li><strong>3. Stufe:<\/strong>\u00a0<em>Aktivkohle Block Filter<\/em> entfernt die restlichen Chlor Reste sowie Mikro-Sedimente. <strong>(2 St\u00fcck)<\/strong><\/li>\n<li><strong>4. Stufe:<\/strong> <em>AktivkohlePostfilter<\/em> belebt das gespeicherte Osmosewasser und sorgt f\u00fcr einen angenehmen, erfrischenden Geschmack. <strong>(1 St\u00fcck)<\/strong><\/li>\n<\/ul>","protected":false},"featured_media":305,"comment_status":"open","ping_status":"closed","template":"","meta":{"_et_pb_use_builder":"on","_et_pb_old_content":"<h1>Aqua Genesis Filterset<strong>\r\n<\/strong><\/h1>\r\nUnsere Filter haben <strong>Standardma\u00dfe von 10 Zoll<\/strong>. Diese Ma\u00dfe werden weltweit eingesetzt, weil sie sich als Optimum bzgl. Reinigungskraft und Preis-Leistungs-Verh\u00e4ltniss durchgesetzt haben.\r\n\r\nDie ersten <strong>3 Filterstufen nennt man Vorfilter<\/strong>, die das Rohwasser vorreinigen, um in der <strong>4ten Stufe, <\/strong>eine optimale Filtrierung zu erm\u00f6glichen und die Lebensdauer der <strong>Osmose Membran<\/strong> zu verl\u00e4ngern. Entgegen verbreiteter Meinung reduzieren diese Vorfilter nicht die Wasserh\u00e4rte, da diese Aufgabe die Osmose Membrane selbst \u00fcbernimmt.\r\n\r\nDas <strong>Aktivkohle Granulat der 2ten<\/strong>\u00a0und <strong>5ten Stufe<\/strong> wird aus Kokosschalen hergestellt, weil sie aus allen bekannten Rohstoffen zur Herstellung von Aktivkohle, die gr\u00f6sste Oberfl\u00e4che je Gramm und die h\u00f6chste Absorptionrate bieten.","_et_gb_content_width":""},"product_brand":[],"product_cat":[28],"product_tag":[22,23,24],"class_list":{"0":"post-521","1":"product","2":"type-product","3":"status-publish","4":"has-post-thumbnail","6":"product_cat-osmose-filtersets","7":"product_tag-filter","8":"product_tag-osmose","9":"product_tag-set","10":"product_shipping_class-paket-mittel","12":"first","13":"instock","14":"taxable","15":"shipping-taxable","16":"purchasable","17":"product-type-simple"},"jetpack_sharing_enabled":true,"_links":{"self":[{"href":"http:\/\/a-g-projekt.com\/en\/wp-json\/wp\/v2\/product\/521"}],"collection":[{"href":"http:\/\/a-g-projekt.com\/en\/wp-json\/wp\/v2\/product"}],"about":[{"href":"http:\/\/a-g-projekt.com\/en\/wp-json\/wp\/v2\/types\/product"}],"replies":[{"embeddable":true,"href":"http:\/\/a-g-projekt.com\/en\/wp-json\/wp\/v2\/comments?post=521"}],"wp:featuredmedia":[{"embeddable":true,"href":"http:\/\/a-g-projekt.com\/en\/wp-json\/wp\/v2\/media\/305"}],"wp:attachment":[{"href":"http:\/\/a-g-projekt.com\/en\/wp-json\/wp\/v2\/media?parent=521"}],"wp:term":[{"taxonomy":"product_brand","embeddable":true,"href":"http:\/\/a-g-projekt.com\/en\/wp-json\/wp\/v2\/product_brand?post=521"},{"taxonomy":"product_cat","embeddable":true,"href":"http:\/\/a-g-projekt.com\/en\/wp-json\/wp\/v2\/product_cat?post=521"},{"taxonomy":"product_tag","embeddable":true,"href":"http:\/\/a-g-projekt.com\/en\/wp-json\/wp\/v2\/product_tag?post=521"}],"curies":[{"name":"wp","href":"https:\/\/api.w.org\/{rel}","templated":true}]}}