{"id":318,"date":"2021-09-30T17:21:29","date_gmt":"2021-09-30T15:21:29","guid":{"rendered":"https:\/\/a-g-projekt.com\/?post_type=product&#038;p=318"},"modified":"2024-06-03T14:01:55","modified_gmt":"2024-06-03T12:01:55","slug":"aqua-genesis-membran-gpd400","status":"publish","type":"product","link":"http:\/\/a-g-projekt.com\/en\/product\/aqua-genesis-membran-gpd400\/","title":{"rendered":"Membran GPD400"},"content":{"rendered":"<h1 class=\"product_title entry-title\">OSMOSE MEMBRAN GPD400<\/h1>\n<h2>400GPD MEMBRAN<\/h2>\n<p>Die\u00a0<strong><em>GPD400 Membrane<\/em><\/strong>\u00a0besteht aus einer mehrschichtigen laserperforierten Polymer-Folie mit einer mikroskopisch feinen Porengr\u00f6\u00dfe von 0,0001 Mikron. Das Wasser wird mit Druck durch die halbdurchl\u00e4ssige (permeable)\u00a0<em>Membrane<\/em>\u00a0gepresst. Da Wassermolek\u00fcle die kleinsten Molek\u00fcle sind, k\u00f6nnen nur diese die feinen Poren der Membrane durchdringen. Die unerw\u00fcnschten Schadstoffe werden zur\u00fcckgehalten und direkt durch Sp\u00fclung aus der\u00a0<em>Membrane<\/em>\u00a0entfernt.<\/p>\n<p>Egal ob Sie Schmutz, Nitrate,\u00a0<i>Microplastik ausfiltern<\/i>\u00a0m\u00f6chten, oder coliforme Keime, Herbizide, Fungizide, Asbest,\u00a0<i>Uran, Medikamentenr\u00fcckst\u00e4nde, Fluor<\/i>\u2026. Die TFC Membrane entfernt bis zu 99% aller gel\u00f6sten Stoffe aus dem Leitungswasser. Die 50GPD Membrane hat eine Filterleistung von bis zu 1.500 Liter pro Tag und ist f\u00fcr alle g\u00e4ngigen Umkehrosmose Wasserfilter geeignet.<\/p>\n<div class=\"description\">\n<div>\n<ul>\n<li>Arbeitstemperatur: +5\u00b0C bis +38\u00b0C<\/li>\n<li>Ma\u00dfe: L\u00e4nge 33,5cm x \u00d8 6,7cm<\/li>\n<li>Wasserverh\u00e4ltnis: 1:2<\/li>\n<li>Lebensdauer bis 60 Monate<\/li>\n<li>Abbildung \u00e4hnlich!<\/li>\n<\/ul>\n<p>Entfernt alle Schad- &amp; Geschmacksstoffe, wie z.B. Viren, Bakterien, Keime, Hormone, Blei, Arsen, Pestizide, Uran, Medikamentenr\u00fcckst\u00e4nde, Herbizide, Fungizide, Kalk, und\u00a0 \u00e4hnliche Schadstoffe nahezu 100%.<\/p>\n<\/div>\n<\/div>","protected":false},"excerpt":{"rendered":"<p>OSMOSE MEMBRAN GPD400 400GPD MEMBRAN Die\u00a0GPD400 Membrane\u00a0besteht aus einer mehrschichtigen laserperforierten Polymer-Folie mit einer mikroskopisch feinen Porengr\u00f6\u00dfe von 0,0001 Mikron. Das Wasser wird mit Druck durch die halbdurchl\u00e4ssige (permeable)\u00a0Membrane\u00a0gepresst. Da Wassermolek\u00fcle die kleinsten Molek\u00fcle sind, k\u00f6nnen nur diese die feinen Poren der Membrane durchdringen. Die unerw\u00fcnschten Schadstoffe werden zur\u00fcckgehalten und direkt durch Sp\u00fclung aus der\u00a0Membrane\u00a0entfernt. [&hellip;]<\/p>\n","protected":false},"featured_media":1077,"comment_status":"open","ping_status":"closed","template":"","meta":{"_et_pb_use_builder":"","_et_pb_old_content":"","_et_gb_content_width":""},"product_brand":[],"product_cat":[29],"product_tag":[22,31,23,32],"class_list":{"0":"post-318","1":"product","2":"type-product","3":"status-publish","4":"has-post-thumbnail","6":"product_cat-osmose-membranen","7":"product_tag-filter","8":"product_tag-membran","9":"product_tag-osmose","10":"product_tag-umkehrosmose","11":"product_shipping_class-paket-mittel","13":"first","14":"instock","15":"taxable","16":"shipping-taxable","17":"purchasable","18":"product-type-simple"},"jetpack_sharing_enabled":true,"_links":{"self":[{"href":"http:\/\/a-g-projekt.com\/en\/wp-json\/wp\/v2\/product\/318"}],"collection":[{"href":"http:\/\/a-g-projekt.com\/en\/wp-json\/wp\/v2\/product"}],"about":[{"href":"http:\/\/a-g-projekt.com\/en\/wp-json\/wp\/v2\/types\/product"}],"replies":[{"embeddable":true,"href":"http:\/\/a-g-projekt.com\/en\/wp-json\/wp\/v2\/comments?post=318"}],"wp:featuredmedia":[{"embeddable":true,"href":"http:\/\/a-g-projekt.com\/en\/wp-json\/wp\/v2\/media\/1077"}],"wp:attachment":[{"href":"http:\/\/a-g-projekt.com\/en\/wp-json\/wp\/v2\/media?parent=318"}],"wp:term":[{"taxonomy":"product_brand","embeddable":true,"href":"http:\/\/a-g-projekt.com\/en\/wp-json\/wp\/v2\/product_brand?post=318"},{"taxonomy":"product_cat","embeddable":true,"href":"http:\/\/a-g-projekt.com\/en\/wp-json\/wp\/v2\/product_cat?post=318"},{"taxonomy":"product_tag","embeddable":true,"href":"http:\/\/a-g-projekt.com\/en\/wp-json\/wp\/v2\/product_tag?post=318"}],"curies":[{"name":"wp","href":"https:\/\/api.w.org\/{rel}","templated":true}]}}