{"id":240,"date":"2020-09-27T12:53:18","date_gmt":"2020-09-27T10:53:18","guid":{"rendered":"http:\/\/a-g-projekt.com\/?post_type=product&#038;p=240"},"modified":"2024-06-03T14:01:23","modified_gmt":"2024-06-03T12:01:23","slug":"aqua-genesis-nobile","status":"publish","type":"product","link":"http:\/\/a-g-projekt.com\/en\/product\/aqua-genesis-nobile\/","title":{"rendered":"Aqua NOBILE"},"content":{"rendered":"<h1>Aqua Genesis NOBILE<strong><br \/>\n<\/strong><\/h1>\n<h2 class=\"product_title entry-title\">3 WEGE OSMOSE ARMATUR<\/h2>\n<p><span lang=\"es-ES\">Die Mischbatterie f\u00fchrt sowohl das Warm- und Kaltewasser, als auch einen zus\u00e4tzlichen Auslauf f\u00fcr das Osmosewasser. <\/span><br \/>\n<span lang=\"es-ES\">Die Mischbatterie gew\u00e4hrleistet eine hygienische und genaue Aufteilung zwischen Leitungswasser und gefilterten Osmosewasser.<\/span><\/p>\n<ul>\n<li>Leitungswasser (kalte\/warm) mit dem gro\u00dfen Hebel<\/li>\n<li>Osmose Trinkwasser in separaten Wasserausgang, mit dem kleinen Hebel. <strong>Perlator M24x1<\/strong><\/li>\n<li><strong>Nur noch ein Amatur auf der Sp\u00fcle!<\/strong><\/li>\n<li>Osmose Wasser mit dem linken Hebel. <strong>Perlator M18x1<\/strong><\/li>\n<li>Standard 1\/4&#8243; Schlauch f\u00fcr Osmose Wasser<\/li>\n<li>2 Flexischl\u00e4uche f\u00fcr Anschluss: 3\/8&#8243; Eckhahn f\u00fcr Kaltwasser und Warmwasser<\/li>\n<\/ul>\n<h3>Qualit\u00e4tsmerkmale:<\/h3>\n<ul>\n<li>Hochwertiges Material, absolut hygienisch und gastronomietauglich (Eldelstahl)<\/li>\n<li>Pr\u00e4zise und leichtg\u00e4ngige Einhebelbedienung<\/li>\n<li>Verschlei\u00dfarme Keramikkartuschentechnologie<\/li>\n<li>Schwenkbar gestalteter Auslaufhahn<\/li>\n<li>Vollst\u00e4ndig aus Edelstahl gefertigt mit strapazierf\u00e4higer Oberfl\u00e4che<\/li>\n<li>Einbauanleitung inkl. aller Materialien sind in der Lieferung enthalten<\/li>\n<li>Alle Anschl\u00fcsse nach DIN Standard<\/li>\n<\/ul>\n<p>&nbsp;<\/p>","protected":false},"excerpt":{"rendered":"<p>Aqua Genesis NOBILE 3 WEGE OSMOSE ARMATUR Die Mischbatterie f\u00fchrt sowohl das Warm- und Kaltewasser, als auch einen zus\u00e4tzlichen Auslauf f\u00fcr das Osmosewasser. Die Mischbatterie gew\u00e4hrleistet eine hygienische und genaue Aufteilung zwischen Leitungswasser und gefilterten Osmosewasser. Leitungswasser (kalte\/warm) mit dem gro\u00dfen Hebel Osmose Trinkwasser in separaten Wasserausgang, mit dem kleinen Hebel. Perlator M24x1 Nur noch [&hellip;]<\/p>\n","protected":false},"featured_media":235,"comment_status":"open","ping_status":"closed","template":"","meta":{"_et_pb_use_builder":"","_et_pb_old_content":"","_et_gb_content_width":""},"product_brand":[],"product_cat":[27],"product_tag":[35,23,32],"class_list":{"0":"post-240","1":"product","2":"type-product","3":"status-publish","4":"has-post-thumbnail","6":"product_cat-3-wege-osmose-armatur","7":"product_tag-3-wege-armatur","8":"product_tag-osmose","9":"product_tag-umkehrosmose","10":"product_shipping_class-paket-mittel","12":"first","13":"instock","14":"taxable","15":"shipping-taxable","16":"purchasable","17":"product-type-simple"},"jetpack_sharing_enabled":true,"_links":{"self":[{"href":"http:\/\/a-g-projekt.com\/en\/wp-json\/wp\/v2\/product\/240"}],"collection":[{"href":"http:\/\/a-g-projekt.com\/en\/wp-json\/wp\/v2\/product"}],"about":[{"href":"http:\/\/a-g-projekt.com\/en\/wp-json\/wp\/v2\/types\/product"}],"replies":[{"embeddable":true,"href":"http:\/\/a-g-projekt.com\/en\/wp-json\/wp\/v2\/comments?post=240"}],"wp:featuredmedia":[{"embeddable":true,"href":"http:\/\/a-g-projekt.com\/en\/wp-json\/wp\/v2\/media\/235"}],"wp:attachment":[{"href":"http:\/\/a-g-projekt.com\/en\/wp-json\/wp\/v2\/media?parent=240"}],"wp:term":[{"taxonomy":"product_brand","embeddable":true,"href":"http:\/\/a-g-projekt.com\/en\/wp-json\/wp\/v2\/product_brand?post=240"},{"taxonomy":"product_cat","embeddable":true,"href":"http:\/\/a-g-projekt.com\/en\/wp-json\/wp\/v2\/product_cat?post=240"},{"taxonomy":"product_tag","embeddable":true,"href":"http:\/\/a-g-projekt.com\/en\/wp-json\/wp\/v2\/product_tag?post=240"}],"curies":[{"name":"wp","href":"https:\/\/api.w.org\/{rel}","templated":true}]}}