{"id":233,"date":"2020-09-27T11:52:26","date_gmt":"2020-09-27T09:52:26","guid":{"rendered":"http:\/\/a-g-projekt.com\/?post_type=product&#038;p=233"},"modified":"2024-06-03T14:02:37","modified_gmt":"2024-06-03T12:02:37","slug":"aqua-genesis-filterset","status":"publish","type":"product","link":"http:\/\/a-g-projekt.com\/en\/product\/aqua-genesis-filterset\/","title":{"rendered":"Filterset 3 Jahre"},"content":{"rendered":"<h1>Aqua Genesis Filterset<strong><br \/>\n<\/strong><\/h1>\n<p>Unsere Filter haben <strong>Standardma\u00dfe von 10 Zoll<\/strong>. Diese Ma\u00dfe werden weltweit eingesetzt, weil sie sich als Optimum bzgl. Reinigungskraft und Preis-Leistungs-Verh\u00e4ltniss durchgesetzt haben.<\/p>\n<ul>\n<li><strong>1. Stufe:<\/strong> <em>Sedimentfilter<\/em> entfernt aus dem Rohwasser Schwebeteilchen und feine Partikel <strong>(2 St\u00fcck)<\/strong><\/li>\n<li><strong>2. Stufe:<\/strong> <em>Aktivkohle Granulat Filter<\/em> absorbiert\u00a0Chlor und organische Verunreinigungen <strong>(2 St\u00fcck)<\/strong><\/li>\n<li><strong>3. Stufe:<\/strong>\u00a0<em>Aktivkohle Block Filter<\/em> entfernt die restlichen Chlor Reste sowie Mikro-Sedimente. <strong>(2 St\u00fcck)<\/strong><\/li>\n<li><strong>4. Stufe:<\/strong> <em>Osmose Membran<\/em> (nicht im Lieferumfang enthalten)<\/li>\n<li><strong>5. Stufe:<\/strong> <em>AktivkohlePostfilter<\/em> belebt das gespeicherte Osmosewasser und sorgt f\u00fcr einen angenehmen, erfrischenden Geschmack. <strong>(1 St\u00fcck)<\/strong><\/li>\n<\/ul>\n<p>Die ersten <strong>3 Filterstufen nennt man Vorfilter<\/strong>, die das Rohwasser vorreinigen, um in der <strong>4ten Stufe, <\/strong>eine optimale Filtrierung zu erm\u00f6glichen und die Lebensdauer der <strong>Osmose Membran<\/strong> zu verl\u00e4ngern. Entgegen verbreiteter Meinung reduzieren diese Vorfilter nicht die Wasserh\u00e4rte, da diese Aufgabe die Osmose Membrane selbst \u00fcbernimmt.<\/p>\n<p>Das <strong>Aktivkohle Granulat der 2ten<\/strong>\u00a0und <strong>5ten Stufe<\/strong> wird aus Kokosschalen hergestellt, weil sie aus allen bekannten Rohstoffen zur Herstellung von Aktivkohle, die gr\u00f6sste Oberfl\u00e4che je Gramm und die h\u00f6chste Absorptionrate bieten.<\/p>","protected":false},"excerpt":{"rendered":"<p>Kaufen Sie ein 3-Jahres-Ersatzfilterset f\u00fcr Ihre Umkehrosmoseanlage, das<\/p>\n<ul>\n<li>6 Sedimentfilter<\/li>\n<li>6 Aktivkohle Granulat Postfilter<\/li>\n<li>6 Aktivkohle Blockfilter und 3 Ersatz-Postfilter enth\u00e4lt.<\/li>\n<li>Kompatibel mit den meisten 10-Zoll-Umkehrosmoseanlagen<\/li>\n<\/ul>\n<p><strong>Enth\u00e4lt alles, was Sie f\u00fcr eine effiziente Reinigung ben\u00f6tigen:<\/strong> Sedimentfilter f\u00fcr Schwebeteilchen, Aktivkohle Granulat Filter f\u00fcr Chlor und organische Verunreinigungen, Aktivkohle Block Filter f\u00fcr Restchlor und Mikro-Sedimente, sowie Aktivkohle Postfilter f\u00fcr erfrischenden Geschmack.<\/p>","protected":false},"featured_media":305,"comment_status":"open","ping_status":"closed","template":"","meta":{"_et_pb_use_builder":"","_et_pb_old_content":"","_et_gb_content_width":""},"product_brand":[],"product_cat":[28],"product_tag":[22,23,24],"class_list":{"0":"post-233","1":"product","2":"type-product","3":"status-publish","4":"has-post-thumbnail","6":"product_cat-osmose-filtersets","7":"product_tag-filter","8":"product_tag-osmose","9":"product_tag-set","10":"product_shipping_class-paket-gross","12":"first","13":"instock","14":"taxable","15":"shipping-taxable","16":"purchasable","17":"product-type-simple"},"jetpack_sharing_enabled":true,"_links":{"self":[{"href":"http:\/\/a-g-projekt.com\/en\/wp-json\/wp\/v2\/product\/233"}],"collection":[{"href":"http:\/\/a-g-projekt.com\/en\/wp-json\/wp\/v2\/product"}],"about":[{"href":"http:\/\/a-g-projekt.com\/en\/wp-json\/wp\/v2\/types\/product"}],"replies":[{"embeddable":true,"href":"http:\/\/a-g-projekt.com\/en\/wp-json\/wp\/v2\/comments?post=233"}],"wp:featuredmedia":[{"embeddable":true,"href":"http:\/\/a-g-projekt.com\/en\/wp-json\/wp\/v2\/media\/305"}],"wp:attachment":[{"href":"http:\/\/a-g-projekt.com\/en\/wp-json\/wp\/v2\/media?parent=233"}],"wp:term":[{"taxonomy":"product_brand","embeddable":true,"href":"http:\/\/a-g-projekt.com\/en\/wp-json\/wp\/v2\/product_brand?post=233"},{"taxonomy":"product_cat","embeddable":true,"href":"http:\/\/a-g-projekt.com\/en\/wp-json\/wp\/v2\/product_cat?post=233"},{"taxonomy":"product_tag","embeddable":true,"href":"http:\/\/a-g-projekt.com\/en\/wp-json\/wp\/v2\/product_tag?post=233"}],"curies":[{"name":"wp","href":"https:\/\/api.w.org\/{rel}","templated":true}]}}