{"id":1123,"date":"2024-06-04T14:31:45","date_gmt":"2024-06-04T12:31:45","guid":{"rendered":"https:\/\/a-g-projekt.com\/?page_id=1123"},"modified":"2024-12-17T11:51:46","modified_gmt":"2024-12-17T10:51:46","slug":"wasser_info","status":"publish","type":"page","link":"http:\/\/a-g-projekt.com\/en\/wasser_info\/","title":{"rendered":"WASSER INFO"},"content":{"rendered":"<p>[et_pb_section fb_built=&#8220;1&#8243; prev_background_color=&#8220;#ffffff&#8220; admin_label=&#8220;Hero&#8220; _builder_version=&#8220;4.25.0&#8243; _module_preset=&#8220;74c69059-8e69-4122-b1e6-dfeabf6c5711&#8243; use_background_color_gradient=&#8220;on&#8220; background_color_gradient_stops=&#8220;rgba(0,0,0,0.9) 2%|rgba(0,0,0,0.6) 35%&#8220; background_color_gradient_overlays_image=&#8220;on&#8220; background_color_gradient_start=&#8220;rgba(0,0,0,0.5)&#8220; background_color_gradient_end=&#8220;rgba(0,0,0,0.75)&#8220; background_image=&#8220;http:\/\/a-g-projekt.com\/wp-content\/uploads\/2024\/05\/splashing-165192_1280-e1715026220202.jpg&#8220; width=&#8220;100%&#8220; module_alignment=&#8220;center&#8220; custom_padding=&#8220;1vw||1vw||true|false&#8220; top_divider_style=&#8220;waves2&#8243; locked=&#8220;off&#8220; collapsed=&#8220;on&#8220; global_colors_info=&#8220;{}&#8220; top_divider_height__hover_enabled=&#8220;on|desktop&#8220; max_height__hover_enabled=&#8220;on|desktop&#8220;][et_pb_row _builder_version=&#8220;4.18.0&#8243; _module_preset=&#8220;5138c454-be54-4233-bd3b-f8e6a8747976&#8243; custom_padding=&#8220;69px|||||&#8220; global_colors_info=&#8220;{}&#8220;][et_pb_column type=&#8220;4_4&#8243; _builder_version=&#8220;4.16&#8243; _module_preset=&#8220;73121f80-a3ef-4484-8763-c3f18e3c56d2&#8243; global_colors_info=&#8220;{}&#8220;][et_pb_heading title=&#8220;Revolutionieren Sie Ihr Trinkwasser mit AG Projekt&#8220; _builder_version=&#8220;4.24.3&#8243; _module_preset=&#8220;f0c675ea-2574-4d0e-b725-30f8550a8550&#8243; title_level=&#8220;h4&#8243; title_font=&#8220;Proza Libre|Cormorant Garamond_weight||on|||||&#8220; title_text_color=&#8220;#FFFFFF&#8220; title_font_size=&#8220;14px&#8220; title_letter_spacing=&#8220;1px&#8220; title_line_height=&#8220;1.4em&#8220; custom_margin=&#8220;||10px||false|false&#8220; title_font_size_tablet=&#8220;13px&#8220; title_font_size_phone=&#8220;13px&#8220; title_font_size_last_edited=&#8220;on|desktop&#8220; locked=&#8220;off&#8220; global_colors_info=&#8220;{}&#8220;][\/et_pb_heading][et_pb_heading title=&#8220;Trinkwasseraufbereitung&#8220; _builder_version=&#8220;4.24.2&#8243; _module_preset=&#8220;ddeb8c09-9078-4424-bc15-2efb6572e28e&#8220; title_font=&#8220;Cormorant Garamond|Cormorant Garamond_weight|||||||&#8220; title_text_color=&#8220;#FFFFFF&#8220; title_font_size=&#8220;72px&#8220; title_line_height=&#8220;1.15em&#8220; title_font_size_tablet=&#8220;40px&#8220; title_font_size_phone=&#8220;24px&#8220; title_font_size_last_edited=&#8220;on|phone&#8220; locked=&#8220;off&#8220; global_colors_info=&#8220;{}&#8220;][\/et_pb_heading][\/et_pb_column][\/et_pb_row][\/et_pb_section][et_pb_section fb_built=&#8220;1&#8243; admin_label=&#8220;Text&#8220; _builder_version=&#8220;4.25.0&#8243; _module_preset=&#8220;default&#8220; background_color=&#8220;#006d77&#8243; custom_padding=&#8220;0px||0px|||&#8220; locked=&#8220;off&#8220; collapsed=&#8220;on&#8220; global_colors_info=&#8220;{%22#006d77%22:%91%22background_color%22%93}&#8220;][et_pb_row column_structure=&#8220;3_5,2_5&#8243; _builder_version=&#8220;4.25.1&#8243; _module_preset=&#8220;5138c454-be54-4233-bd3b-f8e6a8747976&#8243; global_colors_info=&#8220;{}&#8220;][et_pb_column type=&#8220;3_5&#8243; _builder_version=&#8220;4.16.1&#8243; _module_preset=&#8220;73121f80-a3ef-4484-8763-c3f18e3c56d2&#8243; global_colors_info=&#8220;{}&#8220;][et_pb_heading title=&#8220;Ihre Gesundheit kennt keine Kompromisse&#8220; _builder_version=&#8220;4.25.0&#8243; _module_preset=&#8220;c33f07d9-41e0-421a-8799-5799df695cce&#8220; title_level=&#8220;h2&#8243; title_font=&#8220;Cormorant Garamond|Cormorant Garamond_weight|||||||&#8220; title_text_color=&#8220;#efefef&#8220; title_font_size=&#8220;50px&#8220; title_line_height=&#8220;1.2em&#8220; custom_margin=&#8220;|-259px|10px||false|false&#8220; title_font_size_tablet=&#8220;28px&#8220; title_font_size_phone=&#8220;20px&#8220; title_font_size_last_edited=&#8220;on|phone&#8220; locked=&#8220;off&#8220; global_colors_info=&#8220;{%22#0e0c19%22:%91%22title_text_color%22,%22title_text_color%22%93}&#8220;][\/et_pb_heading][et_pb_text quote_border_color=&#8220;#83c5be&#8220; _builder_version=&#8220;4.25.1&#8243; _module_preset=&#8220;2c55a9c4-feed-423b-9edb-ae0b5b365cac&#8220; text_font=&#8220;Proza Libre|Proza Libre_weight|||||||&#8220; text_text_color=&#8220;#efefef&#8220; text_font_size=&#8220;18px&#8220; text_line_height=&#8220;1.75em&#8220; link_font=&#8220;|Proza Libre_weight|||||||&#8220; link_text_color=&#8220;#006d77&#8243; quote_font=&#8220;Cormorant Garamond|Cormorant Garamond_weight|||||||&#8220; quote_text_color=&#8220;#0e0c19&#8243; header_font=&#8220;Cormorant Garamond|Cormorant Garamond_weight|||||||&#8220; header_text_color=&#8220;#0e0c19&#8243; header_font_size=&#8220;72px&#8220; header_line_height=&#8220;1.15em&#8220; header_2_font=&#8220;Cormorant Garamond|Cormorant Garamond_weight|||||||&#8220; header_2_text_color=&#8220;#0e0c19&#8243; header_2_font_size=&#8220;50px&#8220; header_2_line_height=&#8220;1.2em&#8220; header_3_font=&#8220;Cormorant Garamond|Cormorant Garamond_weight|||||||&#8220; header_3_text_color=&#8220;#0e0c19&#8243; header_3_font_size=&#8220;32px&#8220; header_3_line_height=&#8220;1.3em&#8220; header_4_font=&#8220;Cormorant Garamond|Cormorant Garamond_weight|||||||&#8220; header_4_text_color=&#8220;#0e0c19&#8243; header_4_font_size=&#8220;24px&#8220; header_4_line_height=&#8220;1.4em&#8220; header_5_font=&#8220;Cormorant Garamond|Cormorant Garamond_weight|||||||&#8220; header_5_text_color=&#8220;#0e0c19&#8243; header_5_font_size=&#8220;18px&#8220; header_5_line_height=&#8220;1.4em&#8220; header_6_font=&#8220;Cormorant Garamond|Cormorant Garamond_weight|||||||&#8220; header_6_text_color=&#8220;#0e0c19&#8243; header_6_line_height=&#8220;1.5em&#8220; text_orientation=&#8220;justified&#8220; width=&#8220;97.9%&#8220; custom_margin=&#8220;||||false|false&#8220; custom_padding=&#8220;0px||0px|||&#8220; text_font_size_tablet=&#8220;15px&#8220; text_font_size_phone=&#8220;14px&#8220; text_font_size_last_edited=&#8220;on|phone&#8220; header_font_size_tablet=&#8220;40px&#8220; header_font_size_phone=&#8220;24px&#8220; header_font_size_last_edited=&#8220;on|desktop&#8220; header_2_font_size_tablet=&#8220;28px&#8220; header_2_font_size_phone=&#8220;20px&#8220; header_2_font_size_last_edited=&#8220;on|phone&#8220; header_3_font_size_tablet=&#8220;22px&#8220; header_3_font_size_phone=&#8220;17px&#8220; header_3_font_size_last_edited=&#8220;on|phone&#8220; header_4_font_size_tablet=&#8220;18px&#8220; header_4_font_size_phone=&#8220;15px&#8220; header_4_font_size_last_edited=&#8220;on|tablet&#8220; header_5_font_size_tablet=&#8220;15px&#8220; header_5_font_size_phone=&#8220;14px&#8220; header_5_font_size_last_edited=&#8220;on|desktop&#8220; header_6_font_size_tablet=&#8220;13px&#8220; header_6_font_size_phone=&#8220;13px&#8220; header_6_font_size_last_edited=&#8220;on|desktop&#8220; locked=&#8220;off&#8220; global_colors_info=&#8220;{%22gcid-36fd78a7-34bc-404d-873c-dafa34efaae5%22:%91%22icon_color%22,%22icon_color%22%93}&#8220; body_font_size_tablet=&#8220;15px&#8220; body_font_size_phone=&#8220;14px&#8220; body_font_size_last_edited=&#8220;on|desktop&#8220;]<\/p>\n<p>Immer mehr Menschen, vor allem junge Familien und gesundheitlich empfindliche Personen, setzen auf moderne Wasserfilter, um ihr Trinkwasser zu Hause aufzubereiten. Dabei ist die Wahl des richtigen Filters von verschiedenen Faktoren abh\u00e4ngig. Spezielle Filter k\u00f6nnen zum Beispiel Eisen oder Kalk aus dem Wasser entfernen und so die Lebensdauer von Haushaltsger\u00e4ten verl\u00e4ngern. Besonders effektiv zur Trinkwasseraufbereitung ist die Umkehrosmose, die in der K\u00fcche reinstes Wasser liefert.<\/p>\n<p>Wasser spielt eine zentrale Rolle im menschlichen K\u00f6rper, indem es N\u00e4hrstoffe transportiert und Abfallstoffe ausscheidet. Die Qualit\u00e4t des Trinkwassers ist daher entscheidend. Umkehrosmosefilter entfernen bis zu 99,99% der Verunreinigungen wie Schwermetalle, Nitrate, Pestizide, Bakterien und Hormone aus dem Leitungswasser, wodurch man sauberes, gesundes Wasser erh\u00e4lt.<\/p>\n<div class=\"mt-1 flex gap-3 empty:hidden juice:-ml-3\">\n<div class=\"items-center justify-start rounded-xl p-1 flex\">\n<div class=\"flex items-center\"><\/div>\n<\/div>\n<\/div>\n<p>[\/et_pb_text][\/et_pb_column][et_pb_column type=&#8220;2_5&#8243; _builder_version=&#8220;4.16.1&#8243; _module_preset=&#8220;73121f80-a3ef-4484-8763-c3f18e3c56d2&#8243; global_colors_info=&#8220;{}&#8220;][et_pb_image src=&#8220;https:\/\/a-g-projekt.com\/wp-content\/uploads\/2024\/06\/Filter.jpg&#8220; title_text=&#8220;Filter&#8220; _builder_version=&#8220;4.25.1&#8243; _module_preset=&#8220;default&#8220; width=&#8220;100%&#8220; custom_padding=&#8220;89px||4px|||&#8220; border_radii=&#8220;on|5px|5px|5px|5px&#8220; border_width_all=&#8220;1px&#8220; border_color_all=&#8220;#FFFFFF&#8220; global_colors_info=&#8220;{}&#8220;][\/et_pb_image][et_pb_text _builder_version=&#8220;4.25.1&#8243; _module_preset=&#8220;default&#8220; text_text_color=&#8220;#FFFFFF&#8220; min_height=&#8220;1.8px&#8220; custom_margin=&#8220;-32px|||||&#8220; global_colors_info=&#8220;{}&#8220;]<\/p>\n<p style=\"text-align: center;\">Filterwechsel nach einen halben Jahr.<\/p>\n<p>[\/et_pb_text][\/et_pb_column][\/et_pb_row][\/et_pb_section][et_pb_section fb_built=&#8220;1&#8243; admin_label=&#8220;Text&#8220; _builder_version=&#8220;4.25.1&#8243; _module_preset=&#8220;default&#8220; custom_padding=&#8220;6px||45px|||&#8220; locked=&#8220;off&#8220; collapsed=&#8220;on&#8220; global_colors_info=&#8220;{}&#8220;][et_pb_row column_structure=&#8220;1_3,2_3&#8243; _builder_version=&#8220;4.25.0&#8243; _module_preset=&#8220;5138c454-be54-4233-bd3b-f8e6a8747976&#8243; custom_margin=&#8220;13px|auto|-34px|auto||&#8220; custom_padding=&#8220;0px||14px|||&#8220; global_colors_info=&#8220;{}&#8220;][et_pb_column type=&#8220;1_3&#8243; _builder_version=&#8220;4.25.1&#8243; _module_preset=&#8220;default&#8220; global_colors_info=&#8220;{}&#8220;][et_pb_image src=&#8220;https:\/\/a-g-projekt.com\/wp-content\/uploads\/2024\/06\/water-2105213_640.jpg&#8220; title_text=&#8220;Mineralwasser&#8220; force_fullwidth=&#8220;on&#8220; _builder_version=&#8220;4.25.1&#8243; _module_preset=&#8220;default&#8220; height=&#8220;351px&#8220; custom_padding=&#8220;39px|0px|4px|||&#8220; border_radii=&#8220;on|5px|5px|5px|5px&#8220; global_colors_info=&#8220;{}&#8220;][\/et_pb_image][\/et_pb_column][et_pb_column type=&#8220;2_3&#8243; _builder_version=&#8220;4.16&#8243; _module_preset=&#8220;73121f80-a3ef-4484-8763-c3f18e3c56d2&#8243; global_colors_info=&#8220;{}&#8220;][et_pb_heading title=&#8220;Ist Wasser ohne Mineralien besser?&#8220; _builder_version=&#8220;4.24.3&#8243; _module_preset=&#8220;c33f07d9-41e0-421a-8799-5799df695cce&#8220; title_level=&#8220;h2&#8243; title_font=&#8220;Cormorant Garamond|Cormorant Garamond_weight|||||||&#8220; title_text_color=&#8220;#0e0c19&#8243; title_font_size=&#8220;50px&#8220; title_line_height=&#8220;1.2em&#8220; custom_margin=&#8220;||10px||false|false&#8220; title_font_size_tablet=&#8220;28px&#8220; title_font_size_phone=&#8220;20px&#8220; title_font_size_last_edited=&#8220;on|phone&#8220; locked=&#8220;off&#8220; global_colors_info=&#8220;{%22#0e0c19%22:%91%22title_text_color%22,%22title_text_color%22%93}&#8220;][\/et_pb_heading][et_pb_text quote_border_color=&#8220;#83c5be&#8220; _builder_version=&#8220;4.25.0&#8243; _module_preset=&#8220;2c55a9c4-feed-423b-9edb-ae0b5b365cac&#8220; text_font=&#8220;Proza Libre|Proza Libre_weight|||||||&#8220; text_text_color=&#8220;#000000&#8243; text_font_size=&#8220;17px&#8220; text_line_height=&#8220;1.75em&#8220; link_font=&#8220;|Proza Libre_weight|||||||&#8220; link_text_color=&#8220;#006d77&#8243; quote_font=&#8220;Cormorant Garamond|Cormorant Garamond_weight|||||||&#8220; quote_text_color=&#8220;#0e0c19&#8243; header_font=&#8220;Cormorant Garamond|Cormorant Garamond_weight|||||||&#8220; header_text_color=&#8220;#0e0c19&#8243; header_font_size=&#8220;72px&#8220; header_line_height=&#8220;1.15em&#8220; header_2_font=&#8220;Cormorant Garamond|Cormorant Garamond_weight|||||||&#8220; header_2_text_color=&#8220;#0e0c19&#8243; header_2_font_size=&#8220;50px&#8220; header_2_line_height=&#8220;1.2em&#8220; header_3_font=&#8220;Cormorant Garamond|Cormorant Garamond_weight|||||||&#8220; header_3_text_color=&#8220;#0e0c19&#8243; header_3_font_size=&#8220;32px&#8220; header_3_line_height=&#8220;1.3em&#8220; header_4_font=&#8220;Cormorant Garamond|Cormorant Garamond_weight|||||||&#8220; header_4_text_color=&#8220;#0e0c19&#8243; header_4_font_size=&#8220;24px&#8220; header_4_line_height=&#8220;1.4em&#8220; header_5_font=&#8220;Cormorant Garamond|Cormorant Garamond_weight|||||||&#8220; header_5_text_color=&#8220;#0e0c19&#8243; header_5_font_size=&#8220;18px&#8220; header_5_line_height=&#8220;1.4em&#8220; header_6_font=&#8220;Cormorant Garamond|Cormorant Garamond_weight|||||||&#8220; header_6_text_color=&#8220;#0e0c19&#8243; header_6_line_height=&#8220;1.5em&#8220; text_orientation=&#8220;justified&#8220; custom_margin=&#8220;||||false|false&#8220; text_font_size_tablet=&#8220;15px&#8220; text_font_size_phone=&#8220;14px&#8220; text_font_size_last_edited=&#8220;on|phone&#8220; header_font_size_tablet=&#8220;40px&#8220; header_font_size_phone=&#8220;24px&#8220; header_font_size_last_edited=&#8220;on|desktop&#8220; header_2_font_size_tablet=&#8220;28px&#8220; header_2_font_size_phone=&#8220;20px&#8220; header_2_font_size_last_edited=&#8220;on|phone&#8220; header_3_font_size_tablet=&#8220;22px&#8220; header_3_font_size_phone=&#8220;17px&#8220; header_3_font_size_last_edited=&#8220;on|phone&#8220; header_4_font_size_tablet=&#8220;18px&#8220; header_4_font_size_phone=&#8220;15px&#8220; header_4_font_size_last_edited=&#8220;on|tablet&#8220; header_5_font_size_tablet=&#8220;15px&#8220; header_5_font_size_phone=&#8220;14px&#8220; header_5_font_size_last_edited=&#8220;on|desktop&#8220; header_6_font_size_tablet=&#8220;13px&#8220; header_6_font_size_phone=&#8220;13px&#8220; header_6_font_size_last_edited=&#8220;on|desktop&#8220; locked=&#8220;off&#8220; global_colors_info=&#8220;{%22#006d77%22:%91%22link_text_color%22%93,%22#0e0c19%22:%91%22header_text_color%22,%22header_4_text_color%22,%22header_3_text_color%22,%22header_2_text_color%22,%22header_5_text_color%22,%22header_6_text_color%22,%22quote_text_color%22%93,%22#3c3a47%22:%91%22text_text_color%22%93,%22#83c5be%22:%91%22quote_border_color%22%93,%22gcid-36fd78a7-34bc-404d-873c-dafa34efaae5%22:%91%22icon_color%22,%22icon_color%22%93}&#8220; body_font_size_tablet=&#8220;15px&#8220; body_font_size_phone=&#8220;14px&#8220; body_font_size_last_edited=&#8220;on|desktop&#8220;]<\/p>\n<p>Ein weit verbreiteter Irrglaube besagt, dass mineralfreies Wasser dem K\u00f6rper Mineralien entzieht.<\/p>\n<p>Tats\u00e4chlich k\u00f6nnen die organisch gebundenen Mineralien im K\u00f6rper durch Osmosewasser nicht herausgel\u00f6st werden; nur ungebundene Mineralien und sch\u00e4dliche Ablagerungen werden entfernt.<\/p>\n<p>Mineralien aus Mineralwasser sind meist ungebunden und daher f\u00fcr den K\u00f6rper schwer verwertbar.<\/p>\n<p>Eine ausreichende Mineralstoffversorgung wird am besten durch eine ausgewogene Ern\u00e4hrung mit viel Gem\u00fcse, Salat und Obst erreicht.<\/p>\n<p>[\/et_pb_text][\/et_pb_column][\/et_pb_row][\/et_pb_section][et_pb_section fb_built=&#8220;1&#8243; admin_label=&#8220;Text&#8220; _builder_version=&#8220;4.25.0&#8243; _module_preset=&#8220;default&#8220; background_color=&#8220;#006d77&#8243; custom_padding=&#8220;0px||0px|||&#8220; locked=&#8220;off&#8220; collapsed=&#8220;on&#8220; global_colors_info=&#8220;{%22#006d77%22:%91%22background_color%22%93}&#8220;][et_pb_row _builder_version=&#8220;4.25.1&#8243; _module_preset=&#8220;5138c454-be54-4233-bd3b-f8e6a8747976&#8243; global_colors_info=&#8220;{}&#8220;][et_pb_column type=&#8220;4_4&#8243; _builder_version=&#8220;4.16.1&#8243; _module_preset=&#8220;73121f80-a3ef-4484-8763-c3f18e3c56d2&#8243; global_colors_info=&#8220;{}&#8220;][et_pb_heading title=&#8220;Das bestkontrollierte Lebensmittel in Deutschland?&#8220; _builder_version=&#8220;4.27.0&#8243; _module_preset=&#8220;c33f07d9-41e0-421a-8799-5799df695cce&#8220; title_level=&#8220;h2&#8243; title_font=&#8220;Cormorant Garamond|Cormorant Garamond_weight|||||||&#8220; title_text_color=&#8220;#efefef&#8220; title_font_size=&#8220;50px&#8220; title_line_height=&#8220;1.2em&#8220; custom_margin=&#8220;|-259px|10px||false|false&#8220; title_font_size_tablet=&#8220;28px&#8220; title_font_size_phone=&#8220;20px&#8220; title_font_size_last_edited=&#8220;on|phone&#8220; locked=&#8220;off&#8220; global_colors_info=&#8220;{%22#0e0c19%22:%91%22title_text_color%22,%22title_text_color%22%93}&#8220;][\/et_pb_heading][et_pb_text quote_border_color=&#8220;#83c5be&#8220; _builder_version=&#8220;4.27.0&#8243; _module_preset=&#8220;2c55a9c4-feed-423b-9edb-ae0b5b365cac&#8220; text_font=&#8220;Proza Libre|Proza Libre_weight|||||||&#8220; text_text_color=&#8220;#efefef&#8220; text_font_size=&#8220;18px&#8220; text_line_height=&#8220;1.75em&#8220; link_font=&#8220;|Proza Libre_weight|||||||&#8220; link_text_color=&#8220;#006d77&#8243; quote_font=&#8220;Cormorant Garamond|Cormorant Garamond_weight|||||||&#8220; quote_text_color=&#8220;#0e0c19&#8243; header_font=&#8220;Cormorant Garamond|Cormorant Garamond_weight|||||||&#8220; header_text_color=&#8220;#0e0c19&#8243; header_font_size=&#8220;72px&#8220; header_line_height=&#8220;1.15em&#8220; header_2_font=&#8220;Cormorant Garamond|Cormorant Garamond_weight|||||||&#8220; header_2_text_color=&#8220;#0e0c19&#8243; header_2_font_size=&#8220;50px&#8220; header_2_line_height=&#8220;1.2em&#8220; header_3_font=&#8220;Cormorant Garamond|Cormorant Garamond_weight|||||||&#8220; header_3_text_color=&#8220;#0e0c19&#8243; header_3_font_size=&#8220;32px&#8220; header_3_line_height=&#8220;1.3em&#8220; header_4_font=&#8220;Cormorant Garamond|Cormorant Garamond_weight|||||||&#8220; header_4_text_color=&#8220;#0e0c19&#8243; header_4_font_size=&#8220;24px&#8220; header_4_line_height=&#8220;1.4em&#8220; header_5_font=&#8220;Cormorant Garamond|Cormorant Garamond_weight|||||||&#8220; header_5_text_color=&#8220;#0e0c19&#8243; header_5_font_size=&#8220;18px&#8220; header_5_line_height=&#8220;1.4em&#8220; header_6_font=&#8220;Cormorant Garamond|Cormorant Garamond_weight|||||||&#8220; header_6_text_color=&#8220;#0e0c19&#8243; header_6_line_height=&#8220;1.5em&#8220; text_orientation=&#8220;justified&#8220; width=&#8220;97.9%&#8220; custom_margin=&#8220;||||false|false&#8220; custom_padding=&#8220;0px||0px|||&#8220; link_option_url_new_window=&#8220;on&#8220; hover_enabled=&#8220;0&#8243; text_font_size_tablet=&#8220;15px&#8220; text_font_size_phone=&#8220;14px&#8220; text_font_size_last_edited=&#8220;on|phone&#8220; header_font_size_tablet=&#8220;40px&#8220; header_font_size_phone=&#8220;24px&#8220; header_font_size_last_edited=&#8220;on|desktop&#8220; header_2_font_size_tablet=&#8220;28px&#8220; header_2_font_size_phone=&#8220;20px&#8220; header_2_font_size_last_edited=&#8220;on|phone&#8220; header_3_font_size_tablet=&#8220;22px&#8220; header_3_font_size_phone=&#8220;17px&#8220; header_3_font_size_last_edited=&#8220;on|phone&#8220; header_4_font_size_tablet=&#8220;18px&#8220; header_4_font_size_phone=&#8220;15px&#8220; header_4_font_size_last_edited=&#8220;on|tablet&#8220; header_5_font_size_tablet=&#8220;15px&#8220; header_5_font_size_phone=&#8220;14px&#8220; header_5_font_size_last_edited=&#8220;on|desktop&#8220; header_6_font_size_tablet=&#8220;13px&#8220; header_6_font_size_phone=&#8220;13px&#8220; header_6_font_size_last_edited=&#8220;on|desktop&#8220; locked=&#8220;off&#8220; global_colors_info=&#8220;{%22gcid-36fd78a7-34bc-404d-873c-dafa34efaae5%22:%91%22icon_color%22,%22icon_color%22%93}&#8220; body_font_size_tablet=&#8220;15px&#8220; body_font_size_phone=&#8220;14px&#8220; body_font_size_last_edited=&#8220;on|desktop&#8220; sticky_enabled=&#8220;0&#8243;]<\/p>\n<p><strong>Und auch dieser Mythos ist widerlegt: Leitungswasser ist nicht das bestkontrollierte Lebensmittel in Deutschland<\/strong><\/p>\n<p>Trotz h\u00e4ufiger Aussagen, dass Leitungswasser das am besten kontrollierte Lebensmittel ist, zeigt das Urteil des Landgerichts Hannover (18 O 178\/19, 07.12.2020), dass diese Behauptung irref\u00fchrend ist.<\/p>\n<p>Leitungswasser wird zwar nach der Trinkwasserverordnung kontrolliert, jedoch erfolgt bei der Entnahme im Haushalt keine Kontrolle mehr. Mineralwasser, das nicht aufbereitet werden darf, unterliegt hingegen strengeren Vorschriften und muss in seiner Reinheit vor der Abf\u00fcllung anerkannt werden.<\/p>\n<p>Die Behauptung \u201eTrinkwasser ist das bestkontrollierte Lebensmittel\u201c ist also nicht gerechtfertigt.<\/p>\n<p>Weitere Informationen und Quellen finden Sie hier https:\/\/www.presseportal.de\/pm\/28275\/4895246<\/p>\n<p>[\/et_pb_text][\/et_pb_column][\/et_pb_row][\/et_pb_section]<\/p>\n","protected":false},"excerpt":{"rendered":"<p>Immer mehr Menschen, vor allem junge Familien und gesundheitlich empfindliche Personen, setzen auf moderne Wasserfilter, um ihr Trinkwasser zu Hause aufzubereiten. Dabei ist die Wahl des richtigen Filters von verschiedenen Faktoren abh\u00e4ngig. Spezielle Filter k\u00f6nnen zum Beispiel Eisen oder Kalk aus dem Wasser entfernen und so die Lebensdauer von Haushaltsger\u00e4ten verl\u00e4ngern. Besonders effektiv zur Trinkwasseraufbereitung [&hellip;]<\/p>\n","protected":false},"author":1,"featured_media":0,"parent":0,"menu_order":0,"comment_status":"closed","ping_status":"closed","template":"","meta":{"_et_pb_use_builder":"on","_et_pb_old_content":"","_et_gb_content_width":"","footnotes":""},"class_list":["post-1123","page","type-page","status-publish","hentry"],"jetpack_sharing_enabled":true,"_links":{"self":[{"href":"http:\/\/a-g-projekt.com\/en\/wp-json\/wp\/v2\/pages\/1123"}],"collection":[{"href":"http:\/\/a-g-projekt.com\/en\/wp-json\/wp\/v2\/pages"}],"about":[{"href":"http:\/\/a-g-projekt.com\/en\/wp-json\/wp\/v2\/types\/page"}],"author":[{"embeddable":true,"href":"http:\/\/a-g-projekt.com\/en\/wp-json\/wp\/v2\/users\/1"}],"replies":[{"embeddable":true,"href":"http:\/\/a-g-projekt.com\/en\/wp-json\/wp\/v2\/comments?post=1123"}],"version-history":[{"count":10,"href":"http:\/\/a-g-projekt.com\/en\/wp-json\/wp\/v2\/pages\/1123\/revisions"}],"predecessor-version":[{"id":1349,"href":"http:\/\/a-g-projekt.com\/en\/wp-json\/wp\/v2\/pages\/1123\/revisions\/1349"}],"wp:attachment":[{"href":"http:\/\/a-g-projekt.com\/en\/wp-json\/wp\/v2\/media?parent=1123"}],"curies":[{"name":"wp","href":"https:\/\/api.w.org\/{rel}","templated":true}]}}