{"id":880,"date":"2024-05-10T11:14:54","date_gmt":"2024-05-10T09:14:54","guid":{"rendered":"https:\/\/a-g-projekt.com\/?post_type=product&#038;p=880"},"modified":"2024-06-03T15:58:45","modified_gmt":"2024-06-03T13:58:45","slug":"aqua-nero","status":"publish","type":"product","link":"http:\/\/a-g-projekt.com\/de\/produkt\/aqua-nero\/","title":{"rendered":"Aqua NERO"},"content":{"rendered":"<div class=\"product-detail-description-text\">\n<h2>3 Wege Armatur NERO f\u00fcr Wasserfiltersysteme<\/h2>\n<div>\n<p>Mit ihrem modernen Design und einer H\u00f6he von fast 50 cm, wird die Armatur NERO garantiert zu einem optischen Highlight in jeder K\u00fcche.Das flexible Auslaufrohr kann von der Halterung gel\u00f6st und als Brause genutzt werden. Der Filterwasser-Auslauf befindet sich an einem separaten schwenkbaren Arm. Die Armatur wird als 3-Wege-Wasserhahn genutzt. Bei Bedarf kann der 4. Weg ge\u00f6ffnet und das System mit einer Sprudelanlage erweitert werden. F\u00fcr eine zus\u00e4tzliche Belebung des Filterwassers, kann ein Wirbler mit dem <a href=\"https:\/\/alvito.com\/adapter-m16-5ag-m22ag\/722\" target=\"_self\" rel=\"noopener\">Adapter 722 <\/a>angeschlossen werden (separat erh\u00e4ltlich)<\/p>\n<\/div>\n<p><b>Anwendungsbereich: <\/b>Spezial K\u00fcchen-Armatur mit zwei getrennten Wasserkreisl\u00e4ufen, einen zur Entnahme vom Filterwasser sowie einen zur Entnahme von Kalt- und Warmwasser.<\/p>\n<p data-pm-slice=\"1 1 []\"><b>Besonderheiten: <\/b><\/p>\n<ul>\n<li>\u00a0Flexibles Auslaufrohr<\/li>\n<li>Hochwertige 2-strahlige Handbrause in schwarz\/matt<\/li>\n<li>Grosser Aktionsradius von ca. 45 cm durch die Schlauchbrause<\/li>\n<li>Fixierset &#8222;FIX &amp; LOCK&#8220; um diese fest auf der Sp\u00fcle zu montieren.<\/li>\n<li>Ohne zus\u00e4tzliche Bohrung in der Arbeitplatte oder dem Sp\u00fclbecken<\/li>\n<li>Getrennte Regler und Ausl\u00e4ufe f\u00fcr gefiltertes und ungefiltertes Wasser<\/li>\n<li>Keramik-Kartuschen f\u00fcr eine lange Lebensdauer<\/li>\n<\/ul>\n<\/div>\n","protected":false},"excerpt":{"rendered":"<div class=\"offcanvas-body\">\n<div class=\"product-detail-description tab-pane-container\">\n<div class=\"product-detail-description-text\"><b>Material:<\/b> Messing<br \/>\n<b>H\u00f6he gesamt: <\/b>ca. 480 mm<br \/>\n<b>Ausladung: <\/b>ca. 206 mm<br \/>\n<b>Auslaufh\u00f6he \u00fcber Arbeitsplatte:<\/b> ca. 212 mm<br \/>\n<b>Maximale St\u00e4rke der Arbeitsplatte: <\/b>40 mm.<br \/>\n<b>Sockeldurchmesser der Armatur:<\/b> 48 mm.<br \/>\nF\u00fcr die Montage wird in der Arbeitsplatte \/ Sp\u00fcle ein Loch mit \u00d8 35 mm ben\u00f6tigt.<\/div>\n<\/div>\n<\/div>\n","protected":false},"featured_media":1094,"comment_status":"open","ping_status":"closed","template":"","meta":{"_et_pb_use_builder":"","_et_pb_old_content":"","_et_gb_content_width":""},"product_brand":[],"product_cat":[27],"product_tag":[35,36,23,32,37],"class_list":{"0":"post-880","1":"product","2":"type-product","3":"status-publish","4":"has-post-thumbnail","6":"product_cat-3-wege-osmose-armatur","7":"product_tag-3-wege-armatur","8":"product_tag-ausfuehrung-rund","9":"product_tag-osmose","10":"product_tag-umkehrosmose","11":"product_tag-verchromt","12":"product_shipping_class-paket-mittel","14":"first","15":"instock","16":"taxable","17":"shipping-taxable","18":"purchasable","19":"product-type-simple"},"jetpack_sharing_enabled":true,"_links":{"self":[{"href":"http:\/\/a-g-projekt.com\/de\/wp-json\/wp\/v2\/product\/880"}],"collection":[{"href":"http:\/\/a-g-projekt.com\/de\/wp-json\/wp\/v2\/product"}],"about":[{"href":"http:\/\/a-g-projekt.com\/de\/wp-json\/wp\/v2\/types\/product"}],"replies":[{"embeddable":true,"href":"http:\/\/a-g-projekt.com\/de\/wp-json\/wp\/v2\/comments?post=880"}],"wp:featuredmedia":[{"embeddable":true,"href":"http:\/\/a-g-projekt.com\/de\/wp-json\/wp\/v2\/media\/1094"}],"wp:attachment":[{"href":"http:\/\/a-g-projekt.com\/de\/wp-json\/wp\/v2\/media?parent=880"}],"wp:term":[{"taxonomy":"product_brand","embeddable":true,"href":"http:\/\/a-g-projekt.com\/de\/wp-json\/wp\/v2\/product_brand?post=880"},{"taxonomy":"product_cat","embeddable":true,"href":"http:\/\/a-g-projekt.com\/de\/wp-json\/wp\/v2\/product_cat?post=880"},{"taxonomy":"product_tag","embeddable":true,"href":"http:\/\/a-g-projekt.com\/de\/wp-json\/wp\/v2\/product_tag?post=880"}],"curies":[{"name":"wp","href":"https:\/\/api.w.org\/{rel}","templated":true}]}}