{"id":317,"date":"2021-09-30T17:17:01","date_gmt":"2021-09-30T15:17:01","guid":{"rendered":"https:\/\/a-g-projekt.com\/?post_type=product&#038;p=317"},"modified":"2024-08-21T13:44:36","modified_gmt":"2024-08-21T11:44:36","slug":"aqua-genesis-membran-gpd50","status":"publish","type":"product","link":"http:\/\/a-g-projekt.com\/de\/produkt\/aqua-genesis-membran-gpd50\/","title":{"rendered":"Membran GPD50"},"content":{"rendered":"<h1 class=\"product_title entry-title\">OSMOSE MEMBRAN GPD50<\/h1>\n<h2>50GPD MEMBRAN<\/h2>\n<p>Die\u00a0<strong><em>GPD50 Membran<\/em><\/strong>\u00a0besteht aus einer mehrschichtigen laserperforierten Polymer-Folie mit einer mikroskopisch feinen Porengr\u00f6\u00dfe von 0,0001 Mikron. Das Wasser wird mit Druck durch die halbdurchl\u00e4ssige (permeable)\u00a0<em>Membran<\/em>\u00a0gepresst. Da Wassermolek\u00fcle die kleinsten Molek\u00fcle sind, k\u00f6nnen nur diese die feinen Poren der Membrane durchdringen. Die unerw\u00fcnschten Schadstoffe werden zur\u00fcckgehalten und direkt durch Sp\u00fclung aus der\u00a0<em>Membrane<\/em>\u00a0entfernt.<\/p>\n<p>Egal ob Sie Schmutz, Nitrate,\u00a0<i>Microplastik ausfiltern<\/i>\u00a0m\u00f6chten, oder coliforme Keime, Herbizide, Fungizide, Asbest,\u00a0<i>Uran, Medikamentenr\u00fcckst\u00e4nde, Fluor<\/i>\u2026. Die TFC Membrane entfernt bis zu 99% aller gel\u00f6sten Stoffe aus dem Leitungswasser. Die 50GPD Membrane hat eine Filterleistung von bis zu 190 Liter pro Tag und ist f\u00fcr alle g\u00e4ngigen Umkehrosmose Wasserfilter geeignet.<\/p>\n","protected":false},"excerpt":{"rendered":"<p>OSMOSE MEMBRAN GPD50 50GPD MEMBRAN Die\u00a0GPD50 Membran\u00a0besteht aus einer mehrschichtigen laserperforierten Polymer-Folie mit einer mikroskopisch feinen Porengr\u00f6\u00dfe von 0,0001 Mikron. Das Wasser wird mit Druck durch die halbdurchl\u00e4ssige (permeable)\u00a0Membran\u00a0gepresst. Da Wassermolek\u00fcle die kleinsten Molek\u00fcle sind, k\u00f6nnen nur diese die feinen Poren der Membrane durchdringen. Die unerw\u00fcnschten Schadstoffe werden zur\u00fcckgehalten und direkt durch Sp\u00fclung aus der\u00a0Membrane\u00a0entfernt. [&hellip;]<\/p>\n","protected":false},"featured_media":1076,"comment_status":"open","ping_status":"closed","template":"","meta":{"_et_pb_use_builder":"","_et_pb_old_content":"","_et_gb_content_width":""},"product_brand":[],"product_cat":[29],"product_tag":[22,31,23,32],"class_list":{"0":"post-317","1":"product","2":"type-product","3":"status-publish","4":"has-post-thumbnail","6":"product_cat-osmose-membranen","7":"product_tag-filter","8":"product_tag-membran","9":"product_tag-osmose","10":"product_tag-umkehrosmose","11":"product_shipping_class-paket-mittel","13":"first","14":"instock","15":"taxable","16":"shipping-taxable","17":"purchasable","18":"product-type-simple"},"jetpack_sharing_enabled":true,"_links":{"self":[{"href":"http:\/\/a-g-projekt.com\/de\/wp-json\/wp\/v2\/product\/317"}],"collection":[{"href":"http:\/\/a-g-projekt.com\/de\/wp-json\/wp\/v2\/product"}],"about":[{"href":"http:\/\/a-g-projekt.com\/de\/wp-json\/wp\/v2\/types\/product"}],"replies":[{"embeddable":true,"href":"http:\/\/a-g-projekt.com\/de\/wp-json\/wp\/v2\/comments?post=317"}],"wp:featuredmedia":[{"embeddable":true,"href":"http:\/\/a-g-projekt.com\/de\/wp-json\/wp\/v2\/media\/1076"}],"wp:attachment":[{"href":"http:\/\/a-g-projekt.com\/de\/wp-json\/wp\/v2\/media?parent=317"}],"wp:term":[{"taxonomy":"product_brand","embeddable":true,"href":"http:\/\/a-g-projekt.com\/de\/wp-json\/wp\/v2\/product_brand?post=317"},{"taxonomy":"product_cat","embeddable":true,"href":"http:\/\/a-g-projekt.com\/de\/wp-json\/wp\/v2\/product_cat?post=317"},{"taxonomy":"product_tag","embeddable":true,"href":"http:\/\/a-g-projekt.com\/de\/wp-json\/wp\/v2\/product_tag?post=317"}],"curies":[{"name":"wp","href":"https:\/\/api.w.org\/{rel}","templated":true}]}}