{"id":232,"date":"2020-09-27T09:53:15","date_gmt":"2020-09-27T07:53:15","guid":{"rendered":"http:\/\/a-g-projekt.com\/?post_type=product&#038;p=232"},"modified":"2024-10-29T06:36:56","modified_gmt":"2024-10-29T05:36:56","slug":"aqua-genesis-400","status":"publish","type":"product","link":"http:\/\/a-g-projekt.com\/de\/produkt\/aqua-genesis-400\/","title":{"rendered":"Aqua Genesis 400 aktiv"},"content":{"rendered":"<h1>Aqua Genesis 400<\/h1>\n<h2 class=\"product_title entry-title\">UMKEHROSMOSE FREEFLOW 1.500 LITER OHNE TANK<\/h2>\n<h3>Einfachen Filterwechsel inkl. doppelter Keimsperre:<\/h3>\n<p><strong>Die 5 Filterstufen<\/strong>\u00a0bieten ohne Tank\u00a0mindestens 1 Liter weiches und\u00a0gesundes Trinkwasser pro Minute.<br \/>\nTagesleistung von bis zu 1.500 Liter pro Tag in bester Wasserqualit\u00e4t.<\/p>\n<h3>Die Aufgabe der Filter:<\/h3>\n<ol>\n<li><strong>Stufe &#8211; Das Sedimentfilter<\/strong>: Entfernt bis zu 99% alle Schwebeteilchen und feine Partikel, wie Sand, Schmutz, Rost Asbest und Huminstoffe<\/li>\n<li><strong>Stufe &#8211; Das Aktivkohle-Granulat-Filter<\/strong>: Entfernt Chlor, Chemikalien, sch\u00e4dliche organische Verunreinigungen<\/li>\n<li><strong>Stufe &#8211; Das Aktivkohle-Block-Filter<\/strong>: Nimmt die restlichen Chlor-R\u00fcckst\u00e4nde, sowie Mikro-Sedimente und schont damit die Membrane<\/li>\n<li><strong>Stufe &#8211; Die Membrane<\/strong>: Die mehrschichtige, halb-durchl\u00e4ssige D\u00fcnnfilm-Membrane stellt das wichtigste Filtermodul dar:<br \/>\nDie Molekularfiltrationsmembrane entfernt Verunreinigungen die gr\u00f6\u00dfer sind als 0,0001 nm. Hier werden Kalk, Bakterien, Keime, Viren, Schwermetalle,<br \/>\nHormone, Pestizide, Herbizide, Fungizide und restliche organische Stoffe bis zu 99% entfernt.<\/li>\n<li><strong>Stufe &#8211; Das Aktivkohle-Postfilter<\/strong>: Sch\u00fctzt die Anlage vor einer R\u00fcckverkeimung \u00fcber den Wasserhahn<\/li>\n<\/ol>\n<h3>Technische Daten:<\/h3>\n<ul>\n<li>Ma\u00dfe der Anlage (BxTxH): 43 x 24 x 46cm<\/li>\n<li>Das Verh\u00e4ltnis Osmose Wasser zu Abwasser entspricht ca. 1 zu 1<\/li>\n<li>1.500 Liter Tagesleistung<\/li>\n<li>Empfohlener Filterwechsel: Vorfilter alle 6 Monate, Postfilter alle 12 Monate<\/li>\n<li>Empfohlener Membranwechsel: Alle 36 Monate<\/li>\n<li>Anlage kann sowohl stehend, als auch liegend betrieben werden<\/li>\n<\/ul>\n<h3>Qualit\u00e4tsmerkmale der Umkehrosmoseanlage auf einem Blick:<\/h3>\n<ul>\n<li><strong>Leistungsstarke Originalfilter:<\/strong> 1xSediment, 1xGAC Cartridge und 1xCTO 5 Mikron mit hoher Kapazit\u00e4t<\/li>\n<li>NSF zertifizierte Steckverbindungen (Schnellanschl\u00fcsse)<\/li>\n<li>Filtergeh\u00e4use mit zwei O-Ringen f\u00fcr extra Sicherheit<\/li>\n<li>Einsatz qualitativ hochwertiger, lebensmittelechter Materialien<\/li>\n<li>Sp\u00fclventil zur manuelle Sp\u00fclung der Membrane<\/li>\n<li>Einfacher und schneller Einbau der Anlage<\/li>\n<\/ul>\n<h3>Lieferumfang:<\/h3>\n<ul>\n<li>Eine <strong>Aqua Genesis 400<\/strong> mit Pumpe (NSF zertifiziert)<\/li>\n<li>Osmose Membrane GPD400<\/li>\n<li>Integrierte Abschaltautomatik<\/li>\n<li>Booster-Pumpe mit Netzteil 24V<\/li>\n<li>Ein Sp\u00fclventil f\u00fcr die manuelle Sp\u00fclung<\/li>\n<li>Filter- und Membrangeh\u00e4useschl\u00fcssel<\/li>\n<li>Umkehrosmose Wasserhahn, verchromt<\/li>\n<li>Montagesatz zur Inbetriebnahme<\/li>\n<li>Ausf\u00fchrliche Einbauanleitung<\/li>\n<\/ul>\n","protected":false},"excerpt":{"rendered":"<p>Aqua Genesis 400 UMKEHROSMOSE FREEFLOW 1.500 LITER OHNE TANK Einfachen Filterwechsel inkl. doppelter Keimsperre: Die 5 Filterstufen\u00a0bieten ohne Tank\u00a0mindestens 1 Liter weiches und\u00a0gesundes Trinkwasser pro Minute. Tagesleistung von bis zu 1.500 Liter pro Tag in bester Wasserqualit\u00e4t. Die Aufgabe der Filter: Stufe &#8211; Das Sedimentfilter: Entfernt bis zu 99% alle Schwebeteilchen und feine Partikel, wie [&hellip;]<\/p>\n","protected":false},"featured_media":227,"comment_status":"open","ping_status":"closed","template":"","meta":{"_et_pb_use_builder":"","_et_pb_old_content":"","_et_gb_content_width":""},"product_brand":[],"product_cat":[26],"product_tag":[22,30,34,31,23,21,32],"class_list":{"0":"post-232","1":"product","2":"type-product","3":"status-publish","4":"has-post-thumbnail","6":"product_cat-umkehrosmose-filteranlagen","7":"product_tag-filter","8":"product_tag-filteranlage","9":"product_tag-gpd400","10":"product_tag-membran","11":"product_tag-osmose","12":"product_tag-osmose-anlagen","13":"product_tag-umkehrosmose","14":"product_shipping_class-paket-gross","16":"first","17":"instock","18":"taxable","19":"shipping-taxable","20":"purchasable","21":"product-type-simple"},"jetpack_sharing_enabled":true,"_links":{"self":[{"href":"http:\/\/a-g-projekt.com\/de\/wp-json\/wp\/v2\/product\/232"}],"collection":[{"href":"http:\/\/a-g-projekt.com\/de\/wp-json\/wp\/v2\/product"}],"about":[{"href":"http:\/\/a-g-projekt.com\/de\/wp-json\/wp\/v2\/types\/product"}],"replies":[{"embeddable":true,"href":"http:\/\/a-g-projekt.com\/de\/wp-json\/wp\/v2\/comments?post=232"}],"wp:featuredmedia":[{"embeddable":true,"href":"http:\/\/a-g-projekt.com\/de\/wp-json\/wp\/v2\/media\/227"}],"wp:attachment":[{"href":"http:\/\/a-g-projekt.com\/de\/wp-json\/wp\/v2\/media?parent=232"}],"wp:term":[{"taxonomy":"product_brand","embeddable":true,"href":"http:\/\/a-g-projekt.com\/de\/wp-json\/wp\/v2\/product_brand?post=232"},{"taxonomy":"product_cat","embeddable":true,"href":"http:\/\/a-g-projekt.com\/de\/wp-json\/wp\/v2\/product_cat?post=232"},{"taxonomy":"product_tag","embeddable":true,"href":"http:\/\/a-g-projekt.com\/de\/wp-json\/wp\/v2\/product_tag?post=232"}],"curies":[{"name":"wp","href":"https:\/\/api.w.org\/{rel}","templated":true}]}}